{"id":3526,"date":"2020-02-04T13:53:14","date_gmt":"2020-02-04T12:53:14","guid":{"rendered":"https:\/\/logos-golf.it\/new\/?page_id=3526"},"modified":"2023-02-16T12:16:03","modified_gmt":"2023-02-16T11:16:03","slug":"storia","status":"publish","type":"page","link":"https:\/\/logos-golf.it\/site\/storia\/","title":{"rendered":"STORIA"},"content":{"rendered":"<div id=\"pl-3526\"  class=\"panel-layout\" ><div id=\"pg-3526-0\"  class=\"panel-grid panel-no-style\" ><div id=\"pgc-3526-0-0\"  class=\"panel-grid-cell\" ><div id=\"panel-3526-0-0-0\" class=\"so-panel widget widget_sow-image panel-first-child panel-last-child\" data-index=\"0\" ><div class=\"panel-widget-style panel-widget-style-for-3526-0-0-0\" ><div\n\t\t\t\n\t\t\tclass=\"so-widget-sow-image so-widget-sow-image-default-a258e6bfa2d8-3526\"\n\t\t\t\n\t\t>\n<div class=\"sow-image-container\">\n\t\t<img \n\tsrc=\"https:\/\/logos-golf.it\/site\/wp-content\/uploads\/2023\/02\/nascita-Logos.jpg\" width=\"887\" height=\"581\" srcset=\"https:\/\/logos-golf.it\/site\/wp-content\/uploads\/2023\/02\/nascita-Logos.jpg 887w, https:\/\/logos-golf.it\/site\/wp-content\/uploads\/2023\/02\/nascita-Logos-300x197.jpg 300w, https:\/\/logos-golf.it\/site\/wp-content\/uploads\/2023\/02\/nascita-Logos-768x503.jpg 768w, https:\/\/logos-golf.it\/site\/wp-content\/uploads\/2023\/02\/nascita-Logos-600x393.jpg 600w, https:\/\/logos-golf.it\/site\/wp-content\/uploads\/2023\/02\/nascita-Logos-244x160.jpg 244w\" sizes=\"(max-width: 887px) 100vw, 887px\" title=\"nascita Logos\" alt=\"\" \t\tclass=\"so-widget-image\"\/>\n\t<\/div>\n\n<\/div><\/div><\/div><\/div><div id=\"pgc-3526-0-1\"  class=\"panel-grid-cell\" ><div id=\"panel-3526-0-1-0\" class=\"so-panel widget widget_sow-editor panel-first-child panel-last-child\" data-index=\"1\" ><div\n\t\t\t\n\t\t\tclass=\"so-widget-sow-editor so-widget-sow-editor-base\"\n\t\t\t\n\t\t><h3 class=\"widget-title\">Irlanda  G.C. Old Head 2001 \u2013 Nasce LOGOS<\/h3>\n<div class=\"siteorigin-widget-tinymce textwidget\">\n\t<p>Logos \u00e8 l'acronimo di \"Libera Organizzazione Golfisti Seniores\" ed in greco significa \"parole, dialogo, fonte di discussione, ragione\".\u00a0Raccoglie golfisti e simpatizzanti che guardano al golf come elemento di catalizzazione per stare meglio fisicamente e psicologicamente. \u00c8 aperta anche a chi non ha raggiunto l'et\u00e0 e a golfisti di altre regioni o nazioni.<\/p>\n<p>Simbolo della nostra Associazione \u00e8 l'aquila del \"Patriarcato di Aquileia\".<br \/>\nIn inglese \"aquila\" si tradice nella parola \"eagle\", ed \u00e8 il nome con cui i golfisti di tutto il mondo identificano un modo straordinario di chiudere il punteggio di una \"buca\".<\/p>\n<p>Lo <a href=\"https:\/\/www.logos-golf.it\/public\/pdf\/statuto.pdf\" target=\"_blank\" rel=\"noopener\">statuto LOGOS<\/a>, regolarmente approvato dalla Federazione Italiana Golf, prevede nelle sue linee essenziali quanto segue: Lo scopo principale \u00e8 la diffusione del golf in generale e come attivit\u00e0 pratica l'organizzazione di tornei e\/o singole gare, di manifestazioni socio-culturali, di corsi e viaggi legati al golf.<br \/>\nL'associazione non \u00e8 alternativa n\u00e9 conflittuale con i circoli e con le altre realt\u00e0 operanti nel settore del golf.<\/p>\n<\/div>\n<\/div><\/div><\/div><\/div><div id=\"pg-3526-1\"  class=\"panel-grid panel-no-style\" ><div id=\"pgc-3526-1-0\"  class=\"panel-grid-cell\" ><div id=\"panel-3526-1-0-0\" class=\"so-panel widget widget_sow-editor panel-first-child panel-last-child\" data-index=\"2\" ><div\n\t\t\t\n\t\t\tclass=\"so-widget-sow-editor so-widget-sow-editor-base\"\n\t\t\t\n\t\t><h3 class=\"widget-title\">La Sede Sociale<\/h3>\n<div class=\"siteorigin-widget-tinymce textwidget\">\n\t<div class=\"testo\">\n<p>S. Zili da S.Egidio fondatore di una comunit\u00e0 per stimolare le vocazioni monastiche tra il 680 ed il 720 a Saint-Gilles vicino a Tolosa; Logos vorrebbe stimolare la vocazione per il golf.<\/p>\n<p>La costruzione risale al periodo 1204-1218, quando il Patriarca di Aquileia era Wolfger (Volghero) di Ellenbrechtskirchen rappresentante di una nobile famiglia della Bassa Baviera. L'edificio nel tempo \u00e8 stato modificato, ma originariamente fungeva come ricovero per i pellegrini che andavano ad Aquileia.<\/p>\n<p>Recentemente la \"casa\" \u00e8 stata ristrutturata in maniera straordinariamente apprezzabile, rispettando le regole di conservazione dei beni ambientali, dalla famiglia Puggina a cui appartiene. Logos \u00e8 orgogliosa di poter avere una sede cos\u00ec significativa ed \u00e8 grata a Giuseppe Puggina per la sua squisita disponibilit\u00e0.<\/p>\n<p>La prestigiosa sede di Logos \u00e8 ad Aquileia in <strong>via S. Zili 72<\/strong>.<\/p>\n<\/div>\n<\/div>\n<\/div><\/div><\/div><div id=\"pgc-3526-1-1\"  class=\"panel-grid-cell\" ><div id=\"panel-3526-1-1-0\" class=\"so-panel widget widget_sow-image panel-first-child panel-last-child\" data-index=\"3\" ><div class=\"so-rounded panel-widget-style panel-widget-style-for-3526-1-1-0\" ><div\n\t\t\t\n\t\t\tclass=\"so-widget-sow-image so-widget-sow-image-default-a258e6bfa2d8-3526\"\n\t\t\t\n\t\t>\n<div class=\"sow-image-container\">\n\t\t<img \n\tsrc=\"https:\/\/logos-golf.it\/site\/wp-content\/uploads\/2023\/02\/img_sede.jpg\" width=\"333\" height=\"250\" srcset=\"https:\/\/logos-golf.it\/site\/wp-content\/uploads\/2023\/02\/img_sede.jpg 333w, https:\/\/logos-golf.it\/site\/wp-content\/uploads\/2023\/02\/img_sede-300x225.jpg 300w, https:\/\/logos-golf.it\/site\/wp-content\/uploads\/2023\/02\/img_sede-213x160.jpg 213w\" sizes=\"(max-width: 333px) 100vw, 333px\" alt=\"\" \t\tclass=\"so-widget-image\"\/>\n\t<\/div>\n\n<\/div><\/div><\/div><\/div><\/div><\/div>","protected":false},"excerpt":{"rendered":"<p>Logos \u00e8 l&#8217;acronimo di &#8220;Libera Organizzazione Golfisti Seniores&#8221; ed in greco significa &#8220;parole, dialogo, fonte di discussione, ragione&#8221;.\u00a0Raccoglie [&hellip;]<\/p>\n","protected":false},"author":1,"featured_media":0,"parent":0,"menu_order":0,"comment_status":"closed","ping_status":"closed","template":"templates\/template-full.php","meta":{"_glsr_average":0,"_glsr_ranking":0,"_glsr_reviews":0,"footnotes":""},"class_list":["post-3526","page","type-page","status-publish","hentry","post"],"yoast_head":"<!-- This site is optimized with the Yoast SEO plugin v27.5 - https:\/\/yoast.com\/product\/yoast-seo-wordpress\/ -->\r\n<title>STORIA - Libera Organizzazione Golfisti Seniores<\/title>\r\n<meta name=\"robots\" content=\"index, follow, max-snippet:-1, max-image-preview:large, max-video-preview:-1\" \/>\r\n<link rel=\"canonical\" href=\"https:\/\/logos-golf.it\/site\/storia\/\" \/>\r\n<meta property=\"og:locale\" content=\"it_IT\" \/>\r\n<meta property=\"og:type\" content=\"article\" \/>\r\n<meta property=\"og:title\" content=\"STORIA - Libera Organizzazione Golfisti Seniores\" \/>\r\n<meta property=\"og:description\" content=\"Logos \u00e8 l&#039;acronimo di &quot;Libera Organizzazione Golfisti Seniores&quot; ed in greco significa &quot;parole, dialogo, fonte di discussione, ragione&quot;.\u00a0Raccoglie [&hellip;]\" \/>\r\n<meta property=\"og:url\" content=\"https:\/\/logos-golf.it\/site\/storia\/\" \/>\r\n<meta property=\"og:site_name\" content=\"Libera Organizzazione Golfisti Seniores\" \/>\r\n<meta property=\"article:modified_time\" content=\"2023-02-16T11:16:03+00:00\" \/>\r\n<meta property=\"og:image\" content=\"https:\/\/logos-golf.it\/site\/wp-content\/uploads\/2022\/02\/Logo-Logos-Trasp-1.png\" \/>\r\n\t<meta property=\"og:image:width\" content=\"528\" \/>\r\n\t<meta property=\"og:image:height\" content=\"562\" \/>\r\n\t<meta property=\"og:image:type\" content=\"image\/png\" \/>\r\n<meta name=\"twitter:card\" content=\"summary_large_image\" \/>\r\n<meta name=\"twitter:label1\" content=\"Tempo di lettura stimato\" \/>\n\t<meta name=\"twitter:data1\" content=\"2 minuti\" \/>\r\n<script type=\"application\/ld+json\" class=\"yoast-schema-graph\">{\"@context\":\"https:\\\/\\\/schema.org\",\"@graph\":[{\"@type\":\"WebPage\",\"@id\":\"https:\\\/\\\/logos-golf.it\\\/site\\\/storia\\\/\",\"url\":\"https:\\\/\\\/logos-golf.it\\\/site\\\/storia\\\/\",\"name\":\"STORIA - Libera Organizzazione Golfisti Seniores\",\"isPartOf\":{\"@id\":\"https:\\\/\\\/logos-golf.it\\\/site\\\/#website\"},\"datePublished\":\"2020-02-04T12:53:14+00:00\",\"dateModified\":\"2023-02-16T11:16:03+00:00\",\"breadcrumb\":{\"@id\":\"https:\\\/\\\/logos-golf.it\\\/site\\\/storia\\\/#breadcrumb\"},\"inLanguage\":\"it-IT\",\"potentialAction\":[{\"@type\":\"ReadAction\",\"target\":[\"https:\\\/\\\/logos-golf.it\\\/site\\\/storia\\\/\"]}]},{\"@type\":\"BreadcrumbList\",\"@id\":\"https:\\\/\\\/logos-golf.it\\\/site\\\/storia\\\/#breadcrumb\",\"itemListElement\":[{\"@type\":\"ListItem\",\"position\":1,\"name\":\"Home\",\"item\":\"https:\\\/\\\/logos-golf.it\\\/site\\\/\"},{\"@type\":\"ListItem\",\"position\":2,\"name\":\"STORIA\"}]},{\"@type\":\"WebSite\",\"@id\":\"https:\\\/\\\/logos-golf.it\\\/site\\\/#website\",\"url\":\"https:\\\/\\\/logos-golf.it\\\/site\\\/\",\"name\":\"Logos - Libera Organizzazione Golfisti Seniores\",\"description\":\"agonismo e convivialit\u00e0\",\"publisher\":{\"@id\":\"https:\\\/\\\/logos-golf.it\\\/site\\\/#organization\"},\"potentialAction\":[{\"@type\":\"SearchAction\",\"target\":{\"@type\":\"EntryPoint\",\"urlTemplate\":\"https:\\\/\\\/logos-golf.it\\\/site\\\/?s={search_term_string}\"},\"query-input\":{\"@type\":\"PropertyValueSpecification\",\"valueRequired\":true,\"valueName\":\"search_term_string\"}}],\"inLanguage\":\"it-IT\"},{\"@type\":\"Organization\",\"@id\":\"https:\\\/\\\/logos-golf.it\\\/site\\\/#organization\",\"name\":\"Logos - Libera Organizzazione Golfisti Seniores\",\"url\":\"https:\\\/\\\/logos-golf.it\\\/site\\\/\",\"logo\":{\"@type\":\"ImageObject\",\"inLanguage\":\"it-IT\",\"@id\":\"https:\\\/\\\/logos-golf.it\\\/site\\\/#\\\/schema\\\/logo\\\/image\\\/\",\"url\":\"https:\\\/\\\/logos-golf.it\\\/site\\\/wp-content\\\/uploads\\\/2023\\\/01\\\/Logo-Logos-bellogrande-ROSSO.png\",\"contentUrl\":\"https:\\\/\\\/logos-golf.it\\\/site\\\/wp-content\\\/uploads\\\/2023\\\/01\\\/Logo-Logos-bellogrande-ROSSO.png\",\"width\":1024,\"height\":341,\"caption\":\"Logos - Libera Organizzazione Golfisti Seniores\"},\"image\":{\"@id\":\"https:\\\/\\\/logos-golf.it\\\/site\\\/#\\\/schema\\\/logo\\\/image\\\/\"}}]}<\/script>\r\n<!-- \/ Yoast SEO plugin. -->","yoast_head_json":{"title":"STORIA - Libera Organizzazione Golfisti Seniores","robots":{"index":"index","follow":"follow","max-snippet":"max-snippet:-1","max-image-preview":"max-image-preview:large","max-video-preview":"max-video-preview:-1"},"canonical":"https:\/\/logos-golf.it\/site\/storia\/","og_locale":"it_IT","og_type":"article","og_title":"STORIA - Libera Organizzazione Golfisti Seniores","og_description":"Logos \u00e8 l'acronimo di \"Libera Organizzazione Golfisti Seniores\" ed in greco significa \"parole, dialogo, fonte di discussione, ragione\".\u00a0Raccoglie [&hellip;]","og_url":"https:\/\/logos-golf.it\/site\/storia\/","og_site_name":"Libera Organizzazione Golfisti Seniores","article_modified_time":"2023-02-16T11:16:03+00:00","og_image":[{"width":528,"height":562,"url":"https:\/\/logos-golf.it\/site\/wp-content\/uploads\/2022\/02\/Logo-Logos-Trasp-1.png","type":"image\/png"}],"twitter_card":"summary_large_image","twitter_misc":{"Tempo di lettura stimato":"2 minuti"},"schema":{"@context":"https:\/\/schema.org","@graph":[{"@type":"WebPage","@id":"https:\/\/logos-golf.it\/site\/storia\/","url":"https:\/\/logos-golf.it\/site\/storia\/","name":"STORIA - Libera Organizzazione Golfisti Seniores","isPartOf":{"@id":"https:\/\/logos-golf.it\/site\/#website"},"datePublished":"2020-02-04T12:53:14+00:00","dateModified":"2023-02-16T11:16:03+00:00","breadcrumb":{"@id":"https:\/\/logos-golf.it\/site\/storia\/#breadcrumb"},"inLanguage":"it-IT","potentialAction":[{"@type":"ReadAction","target":["https:\/\/logos-golf.it\/site\/storia\/"]}]},{"@type":"BreadcrumbList","@id":"https:\/\/logos-golf.it\/site\/storia\/#breadcrumb","itemListElement":[{"@type":"ListItem","position":1,"name":"Home","item":"https:\/\/logos-golf.it\/site\/"},{"@type":"ListItem","position":2,"name":"STORIA"}]},{"@type":"WebSite","@id":"https:\/\/logos-golf.it\/site\/#website","url":"https:\/\/logos-golf.it\/site\/","name":"Logos - Libera Organizzazione Golfisti Seniores","description":"agonismo e convivialit\u00e0","publisher":{"@id":"https:\/\/logos-golf.it\/site\/#organization"},"potentialAction":[{"@type":"SearchAction","target":{"@type":"EntryPoint","urlTemplate":"https:\/\/logos-golf.it\/site\/?s={search_term_string}"},"query-input":{"@type":"PropertyValueSpecification","valueRequired":true,"valueName":"search_term_string"}}],"inLanguage":"it-IT"},{"@type":"Organization","@id":"https:\/\/logos-golf.it\/site\/#organization","name":"Logos - Libera Organizzazione Golfisti Seniores","url":"https:\/\/logos-golf.it\/site\/","logo":{"@type":"ImageObject","inLanguage":"it-IT","@id":"https:\/\/logos-golf.it\/site\/#\/schema\/logo\/image\/","url":"https:\/\/logos-golf.it\/site\/wp-content\/uploads\/2023\/01\/Logo-Logos-bellogrande-ROSSO.png","contentUrl":"https:\/\/logos-golf.it\/site\/wp-content\/uploads\/2023\/01\/Logo-Logos-bellogrande-ROSSO.png","width":1024,"height":341,"caption":"Logos - Libera Organizzazione Golfisti Seniores"},"image":{"@id":"https:\/\/logos-golf.it\/site\/#\/schema\/logo\/image\/"}}]}},"publishpress_future_workflow_manual_trigger":{"enabledWorkflows":[]},"_links":{"self":[{"href":"https:\/\/logos-golf.it\/site\/wp-json\/wp\/v2\/pages\/3526","targetHints":{"allow":["GET"]}}],"collection":[{"href":"https:\/\/logos-golf.it\/site\/wp-json\/wp\/v2\/pages"}],"about":[{"href":"https:\/\/logos-golf.it\/site\/wp-json\/wp\/v2\/types\/page"}],"author":[{"embeddable":true,"href":"https:\/\/logos-golf.it\/site\/wp-json\/wp\/v2\/users\/1"}],"replies":[{"embeddable":true,"href":"https:\/\/logos-golf.it\/site\/wp-json\/wp\/v2\/comments?post=3526"}],"version-history":[{"count":21,"href":"https:\/\/logos-golf.it\/site\/wp-json\/wp\/v2\/pages\/3526\/revisions"}],"predecessor-version":[{"id":10436,"href":"https:\/\/logos-golf.it\/site\/wp-json\/wp\/v2\/pages\/3526\/revisions\/10436"}],"wp:attachment":[{"href":"https:\/\/logos-golf.it\/site\/wp-json\/wp\/v2\/media?parent=3526"}],"curies":[{"name":"wp","href":"https:\/\/api.w.org\/{rel}","templated":true}]}}